{"id":18297,"date":"2025-09-13T03:51:27","date_gmt":"2025-09-13T01:51:27","guid":{"rendered":"https:\/\/esoteric-sciences.com\/?page_id=18297"},"modified":"2025-09-13T03:53:49","modified_gmt":"2025-09-13T01:53:49","slug":"politique-de-confidentialite","status":"publish","type":"page","link":"https:\/\/esoteric-sciences.com\/fr\/politique-de-confidentialite\/","title":{"rendered":"Politique de confidentialit\u00e9"},"content":{"rendered":"\t\t<div data-elementor-type=\"wp-page\" data-elementor-id=\"18297\" class=\"elementor elementor-18297\">\n\t\t\t\t\t\t<section class=\"elementor-section elementor-top-section elementor-element elementor-element-4b5b383 elementor-section-boxed elementor-section-height-default elementor-section-height-default wpr-particle-no wpr-jarallax-no wpr-parallax-no wpr-sticky-section-no\" data-id=\"4b5b383\" data-element_type=\"section\" data-e-type=\"section\">\n\t\t\t\t\t\t<div class=\"elementor-container elementor-column-gap-default\">\n\t\t\t\t\t<div class=\"elementor-column elementor-col-100 elementor-top-column elementor-element elementor-element-87a7fcf\" data-id=\"87a7fcf\" data-element_type=\"column\" data-e-type=\"column\">\n\t\t\t<div class=\"elementor-widget-wrap elementor-element-populated\">\n\t\t\t\t\t\t<div class=\"elementor-element elementor-element-10dd277 elementor-widget elementor-widget-spacer\" data-id=\"10dd277\" data-element_type=\"widget\" data-e-type=\"widget\" data-widget_type=\"spacer.default\">\n\t\t\t\t<div class=\"elementor-widget-container\">\n\t\t\t\t\t\t\t<div class=\"elementor-spacer\">\n\t\t\t<div class=\"elementor-spacer-inner\"><\/div>\n\t\t<\/div>\n\t\t\t\t\t\t<\/div>\n\t\t\t\t<\/div>\n\t\t\t\t<div class=\"elementor-element elementor-element-c1b3796 elementor-widget elementor-widget-text-editor\" data-id=\"c1b3796\" data-element_type=\"widget\" data-e-type=\"widget\" data-widget_type=\"text-editor.default\">\n\t\t\t\t<div class=\"elementor-widget-container\">\n\t\t\t\t\t\t\t\t\t<h1 data-start=\"361\" data-end=\"393\">Politique de confidentialit\u00e9<\/h1><p>\u00a0<\/p><h3 data-start=\"395\" data-end=\"426\">1. Esprit de la politique<\/h3><p data-start=\"427\" data-end=\"632\">\u2726 Le Temple respecte le silence, la confidentialit\u00e9 et la dignit\u00e9 de chaque \u00eatre qui entre en son sanctuaire.<br data-start=\"536\" data-end=\"539\" \/>Les donn\u00e9es confi\u00e9es sont consid\u00e9r\u00e9es comme sacr\u00e9es et prot\u00e9g\u00e9es avec le plus grand soin. \u2726<\/p><h3 data-start=\"634\" data-end=\"661\">2. Donn\u00e9es collect\u00e9es<\/h3><p data-start=\"662\" data-end=\"747\">Le Temple ne collecte que les informations strictement n\u00e9cessaires pour permettre :<\/p><ul data-start=\"748\" data-end=\"1015\"><li data-start=\"748\" data-end=\"823\"><p data-start=\"750\" data-end=\"823\">l\u2019acc\u00e8s aux contenus num\u00e9riques (ebooks, retraites, sons, initiations),<\/p><\/li><li data-start=\"824\" data-end=\"915\"><p data-start=\"826\" data-end=\"915\">la gestion des contributions et achats via des plateformes partenaires (par ex. Ko-fi),<\/p><\/li><li data-start=\"916\" data-end=\"1015\"><p data-start=\"918\" data-end=\"1015\">la communication avec l\u2019utilisateur lorsqu\u2019il en fait la demande (par e-mail ou via Vox Sacra).<\/p><\/li><\/ul><p data-start=\"1017\" data-end=\"1151\">Les donn\u00e9es concern\u00e9es peuvent inclure : adresse e-mail et informations de paiement.<br data-start=\"1101\" data-end=\"1104\" \/>Aucune autre donn\u00e9e personnelle n\u2019est exig\u00e9e.<\/p><h3 data-start=\"1153\" data-end=\"1185\">3. Utilisation des donn\u00e9es<\/h3><p data-start=\"1186\" data-end=\"1233\">Les donn\u00e9es collect\u00e9es servent uniquement \u00e0 :<\/p><ul data-start=\"1234\" data-end=\"1374\"><li data-start=\"1234\" data-end=\"1290\"><p data-start=\"1236\" data-end=\"1290\">assurer l\u2019acc\u00e8s aux contenus achet\u00e9s ou t\u00e9l\u00e9charg\u00e9s,<\/p><\/li><li data-start=\"1291\" data-end=\"1334\"><p data-start=\"1293\" data-end=\"1334\">r\u00e9pondre aux demandes des utilisateurs,<\/p><\/li><li data-start=\"1335\" data-end=\"1374\"><p data-start=\"1337\" data-end=\"1374\">am\u00e9liorer l\u2019exp\u00e9rience sur le site.<\/p><\/li><\/ul><p data-start=\"1376\" data-end=\"1458\">Elles ne sont jamais revendues ni partag\u00e9es \u00e0 des tiers, sauf obligation l\u00e9gale.<\/p><h3 data-start=\"1460\" data-end=\"1493\">4. Conservation des donn\u00e9es<\/h3><p data-start=\"1494\" data-end=\"1677\">Les donn\u00e9es sont conserv\u00e9es uniquement le temps n\u00e9cessaire \u00e0 la gestion des contenus et des contributions.<br data-start=\"1600\" data-end=\"1603\" \/>L\u2019utilisateur peut demander la suppression de ses donn\u00e9es \u00e0 tout moment.<\/p><h3 data-start=\"1679\" data-end=\"1711\">5. Droits des utilisateurs<\/h3><p data-start=\"1712\" data-end=\"1848\">Conform\u00e9ment au R\u00e8glement G\u00e9n\u00e9ral sur la Protection des Donn\u00e9es (RGPD \u2013 UE 2016\/679), chaque utilisateur dispose des droits suivants :<\/p><ul data-start=\"1849\" data-end=\"2018\"><li data-start=\"1849\" data-end=\"1881\"><p data-start=\"1851\" data-end=\"1881\">droit d\u2019acc\u00e8s \u00e0 ses donn\u00e9es,<\/p><\/li><li data-start=\"1882\" data-end=\"1909\"><p data-start=\"1884\" data-end=\"1909\">droit de rectification,<\/p><\/li><li data-start=\"1910\" data-end=\"1955\"><p data-start=\"1912\" data-end=\"1955\">droit d\u2019effacement (\u00ab droit \u00e0 l\u2019oubli \u00bb),<\/p><\/li><li data-start=\"1956\" data-end=\"1994\"><p data-start=\"1958\" data-end=\"1994\">droit de limitation du traitement,<\/p><\/li><li data-start=\"1995\" data-end=\"2018\"><p data-start=\"1997\" data-end=\"2018\">droit d\u2019opposition.<\/p><\/li><\/ul><p data-start=\"2020\" data-end=\"2109\">Ces droits peuvent \u00eatre exerc\u00e9s via la page <strong data-start=\"2064\" data-end=\"2106\">Vox Sacra (Contact avec le Sanctuaire)<\/strong>.<\/p><h3 data-start=\"2111\" data-end=\"2128\">6. S\u00e9curit\u00e9<\/h3><p data-start=\"2129\" data-end=\"2300\">Le Temple met en \u0153uvre toutes les mesures techniques et organisationnelles n\u00e9cessaires pour prot\u00e9ger les donn\u00e9es contre l\u2019acc\u00e8s non autoris\u00e9, la perte ou la divulgation.<\/p><h3 data-start=\"2302\" data-end=\"2339\">7. Modification de la politique<\/h3><p data-start=\"2340\" data-end=\"2519\">Le Temple se r\u00e9serve le droit de modifier la pr\u00e9sente politique afin de rester conforme aux \u00e9volutions l\u00e9gales et spirituelles.<br data-start=\"2467\" data-end=\"2470\" \/>Toute modification sera publi\u00e9e sur cette page.<\/p>\t\t\t\t\t\t\t\t<\/div>\n\t\t\t\t<\/div>\n\t\t\t\t\t<\/div>\n\t\t<\/div>\n\t\t\t\t\t<\/div>\n\t\t<\/section>\n\t\t\t\t<\/div>\n\t\t","protected":false},"excerpt":{"rendered":"<p>Politique de confidentialit\u00e9 \u00a0 1. Esprit de la politique \u2726 Le Temple respecte le silence, la confidentialit\u00e9 et la dignit\u00e9 de chaque \u00eatre qui entre en son sanctuaire.Les donn\u00e9es confi\u00e9es sont consid\u00e9r\u00e9es comme sacr\u00e9es et prot\u00e9g\u00e9es avec le plus grand soin. \u2726 2. Donn\u00e9es collect\u00e9es Le Temple ne collecte que les informations strictement n\u00e9cessaires pour permettre : l\u2019acc\u00e8s aux contenus num\u00e9riques (ebooks, retraites, sons, initiations), la gestion des contributions et achats via des plateformes partenaires (par ex. Ko-fi), la communication avec l\u2019utilisateur lorsqu\u2019il en fait la demande (par e-mail ou via Vox Sacra). Les donn\u00e9es concern\u00e9es peuvent inclure : adresse e-mail et informations de paiement.Aucune autre donn\u00e9e personnelle n\u2019est exig\u00e9e. 3. Utilisation des donn\u00e9es Les donn\u00e9es collect\u00e9es servent uniquement \u00e0 : assurer l\u2019acc\u00e8s aux contenus achet\u00e9s ou t\u00e9l\u00e9charg\u00e9s, r\u00e9pondre aux demandes des utilisateurs, am\u00e9liorer l\u2019exp\u00e9rience sur le site. Elles ne sont jamais revendues ni partag\u00e9es \u00e0 des tiers, sauf obligation l\u00e9gale. 4. Conservation des donn\u00e9es Les donn\u00e9es sont conserv\u00e9es uniquement le temps n\u00e9cessaire \u00e0 la gestion des contenus et des contributions.L\u2019utilisateur peut demander la suppression de ses donn\u00e9es \u00e0 tout moment. 5. Droits des utilisateurs Conform\u00e9ment au R\u00e8glement G\u00e9n\u00e9ral sur la Protection des Donn\u00e9es (RGPD \u2013 UE 2016\/679), chaque utilisateur dispose des droits suivants : droit d\u2019acc\u00e8s \u00e0 ses donn\u00e9es, droit de rectification, droit d\u2019effacement (\u00ab droit \u00e0 l\u2019oubli \u00bb), droit de limitation du traitement, droit d\u2019opposition. Ces droits peuvent \u00eatre exerc\u00e9s via la page Vox Sacra (Contact avec le Sanctuaire). 6. S\u00e9curit\u00e9 Le Temple met en \u0153uvre toutes les mesures techniques et organisationnelles n\u00e9cessaires pour prot\u00e9ger les donn\u00e9es contre l\u2019acc\u00e8s non autoris\u00e9, la perte ou la divulgation. 7. Modification de la politique Le Temple se r\u00e9serve le droit de modifier la pr\u00e9sente politique afin de rester conforme aux \u00e9volutions l\u00e9gales et spirituelles.Toute modification sera publi\u00e9e sur cette page.<\/p>\n","protected":false},"author":1,"featured_media":0,"parent":0,"menu_order":0,"comment_status":"closed","ping_status":"closed","template":"","meta":{"inline_featured_image":false,"footnotes":""},"class_list":["post-18297","page","type-page","status-publish","hentry"],"yoast_head":"<!-- This site is optimized with the Yoast SEO plugin v27.2 - https:\/\/yoast.com\/product\/yoast-seo-wordpress\/ -->\n<title>Politique de confidentialit\u00e9 - Esoteric Sciences<\/title>\n<meta name=\"robots\" content=\"index, follow, max-snippet:-1, max-image-preview:large, max-video-preview:-1\" \/>\n<link rel=\"canonical\" href=\"https:\/\/esoteric-sciences.com\/fr\/politique-de-confidentialite\/\" \/>\n<meta property=\"og:locale\" content=\"fr_FR\" \/>\n<meta property=\"og:type\" content=\"article\" \/>\n<meta property=\"og:title\" content=\"Politique de confidentialit\u00e9 - Esoteric Sciences\" \/>\n<meta property=\"og:description\" content=\"Politique de confidentialit\u00e9 \u00a0 1. Esprit de la politique \u2726 Le Temple respecte le silence, la confidentialit\u00e9 et la dignit\u00e9 de chaque \u00eatre qui entre en son sanctuaire.Les donn\u00e9es confi\u00e9es sont consid\u00e9r\u00e9es comme sacr\u00e9es et prot\u00e9g\u00e9es avec le plus grand soin. \u2726 2. Donn\u00e9es collect\u00e9es Le Temple ne collecte que les informations strictement n\u00e9cessaires pour permettre : l\u2019acc\u00e8s aux contenus num\u00e9riques (ebooks, retraites, sons, initiations), la gestion des contributions et achats via des plateformes partenaires (par ex. Ko-fi), la communication avec l\u2019utilisateur lorsqu\u2019il en fait la demande (par e-mail ou via Vox Sacra). Les donn\u00e9es concern\u00e9es peuvent inclure : adresse e-mail et informations de paiement.Aucune autre donn\u00e9e personnelle n\u2019est exig\u00e9e. 3. Utilisation des donn\u00e9es Les donn\u00e9es collect\u00e9es servent uniquement \u00e0 : assurer l\u2019acc\u00e8s aux contenus achet\u00e9s ou t\u00e9l\u00e9charg\u00e9s, r\u00e9pondre aux demandes des utilisateurs, am\u00e9liorer l\u2019exp\u00e9rience sur le site. Elles ne sont jamais revendues ni partag\u00e9es \u00e0 des tiers, sauf obligation l\u00e9gale. 4. Conservation des donn\u00e9es Les donn\u00e9es sont conserv\u00e9es uniquement le temps n\u00e9cessaire \u00e0 la gestion des contenus et des contributions.L\u2019utilisateur peut demander la suppression de ses donn\u00e9es \u00e0 tout moment. 5. Droits des utilisateurs Conform\u00e9ment au R\u00e8glement G\u00e9n\u00e9ral sur la Protection des Donn\u00e9es (RGPD \u2013 UE 2016\/679), chaque utilisateur dispose des droits suivants : droit d\u2019acc\u00e8s \u00e0 ses donn\u00e9es, droit de rectification, droit d\u2019effacement (\u00ab droit \u00e0 l\u2019oubli \u00bb), droit de limitation du traitement, droit d\u2019opposition. Ces droits peuvent \u00eatre exerc\u00e9s via la page Vox Sacra (Contact avec le Sanctuaire). 6. S\u00e9curit\u00e9 Le Temple met en \u0153uvre toutes les mesures techniques et organisationnelles n\u00e9cessaires pour prot\u00e9ger les donn\u00e9es contre l\u2019acc\u00e8s non autoris\u00e9, la perte ou la divulgation. 7. Modification de la politique Le Temple se r\u00e9serve le droit de modifier la pr\u00e9sente politique afin de rester conforme aux \u00e9volutions l\u00e9gales et spirituelles.Toute modification sera publi\u00e9e sur cette page.\" \/>\n<meta property=\"og:url\" content=\"https:\/\/esoteric-sciences.com\/fr\/politique-de-confidentialite\/\" \/>\n<meta property=\"og:site_name\" content=\"Esoteric Sciences\" \/>\n<meta property=\"article:modified_time\" content=\"2025-09-13T01:53:49+00:00\" \/>\n<meta name=\"twitter:card\" content=\"summary_large_image\" \/>\n<meta name=\"twitter:label1\" content=\"Dur\u00e9e de lecture estim\u00e9e\" \/>\n\t<meta name=\"twitter:data1\" content=\"2 minutes\" \/>\n<script type=\"application\/ld+json\" class=\"yoast-schema-graph\">{\"@context\":\"https:\/\/schema.org\",\"@graph\":[{\"@type\":\"WebPage\",\"@id\":\"https:\/\/esoteric-sciences.com\/fr\/politique-de-confidentialite\/\",\"url\":\"https:\/\/esoteric-sciences.com\/fr\/politique-de-confidentialite\/\",\"name\":\"Politique de confidentialit\u00e9 - Esoteric Sciences\",\"isPartOf\":{\"@id\":\"https:\/\/esoteric-sciences.com\/fr\/#website\"},\"datePublished\":\"2025-09-13T01:51:27+00:00\",\"dateModified\":\"2025-09-13T01:53:49+00:00\",\"breadcrumb\":{\"@id\":\"https:\/\/esoteric-sciences.com\/fr\/politique-de-confidentialite\/#breadcrumb\"},\"inLanguage\":\"fr-FR\",\"potentialAction\":[{\"@type\":\"ReadAction\",\"target\":[\"https:\/\/esoteric-sciences.com\/fr\/politique-de-confidentialite\/\"]}]},{\"@type\":\"BreadcrumbList\",\"@id\":\"https:\/\/esoteric-sciences.com\/fr\/politique-de-confidentialite\/#breadcrumb\",\"itemListElement\":[{\"@type\":\"ListItem\",\"position\":1,\"name\":\"\u0391\u03c1\u03c7\u03b9\u03ba\u03ae\",\"item\":\"https:\/\/esoteric-sciences.com\/fr\/\"},{\"@type\":\"ListItem\",\"position\":2,\"name\":\"Politique de confidentialit\u00e9\"}]},{\"@type\":\"WebSite\",\"@id\":\"https:\/\/esoteric-sciences.com\/fr\/#website\",\"url\":\"https:\/\/esoteric-sciences.com\/fr\/\",\"name\":\"Esoteric Sciences\",\"description\":\"Centre des Sciences Esot\u00e9riques \",\"publisher\":{\"@id\":\"https:\/\/esoteric-sciences.com\/fr\/#organization\"},\"potentialAction\":[{\"@type\":\"SearchAction\",\"target\":{\"@type\":\"EntryPoint\",\"urlTemplate\":\"https:\/\/esoteric-sciences.com\/fr\/?s={search_term_string}\"},\"query-input\":{\"@type\":\"PropertyValueSpecification\",\"valueRequired\":true,\"valueName\":\"search_term_string\"}}],\"inLanguage\":\"fr-FR\"},{\"@type\":\"Organization\",\"@id\":\"https:\/\/esoteric-sciences.com\/fr\/#organization\",\"name\":\"Esoteric Sciences\",\"url\":\"https:\/\/esoteric-sciences.com\/fr\/\",\"logo\":{\"@type\":\"ImageObject\",\"inLanguage\":\"fr-FR\",\"@id\":\"https:\/\/esoteric-sciences.com\/fr\/#\/schema\/logo\/image\/\",\"url\":\"https:\/\/esoteric-sciences.com\/wp-content\/uploads\/2026\/03\/cropped-logo-2.png\",\"contentUrl\":\"https:\/\/esoteric-sciences.com\/wp-content\/uploads\/2026\/03\/cropped-logo-2.png\",\"width\":1024,\"height\":1024,\"caption\":\"Esoteric Sciences\"},\"image\":{\"@id\":\"https:\/\/esoteric-sciences.com\/fr\/#\/schema\/logo\/image\/\"}}]}<\/script>\n<!-- \/ Yoast SEO plugin. -->","yoast_head_json":{"title":"Politique de confidentialit\u00e9 - Esoteric Sciences","robots":{"index":"index","follow":"follow","max-snippet":"max-snippet:-1","max-image-preview":"max-image-preview:large","max-video-preview":"max-video-preview:-1"},"canonical":"https:\/\/esoteric-sciences.com\/fr\/politique-de-confidentialite\/","og_locale":"fr_FR","og_type":"article","og_title":"Politique de confidentialit\u00e9 - Esoteric Sciences","og_description":"Politique de confidentialit\u00e9 \u00a0 1. Esprit de la politique \u2726 Le Temple respecte le silence, la confidentialit\u00e9 et la dignit\u00e9 de chaque \u00eatre qui entre en son sanctuaire.Les donn\u00e9es confi\u00e9es sont consid\u00e9r\u00e9es comme sacr\u00e9es et prot\u00e9g\u00e9es avec le plus grand soin. \u2726 2. Donn\u00e9es collect\u00e9es Le Temple ne collecte que les informations strictement n\u00e9cessaires pour permettre : l\u2019acc\u00e8s aux contenus num\u00e9riques (ebooks, retraites, sons, initiations), la gestion des contributions et achats via des plateformes partenaires (par ex. Ko-fi), la communication avec l\u2019utilisateur lorsqu\u2019il en fait la demande (par e-mail ou via Vox Sacra). Les donn\u00e9es concern\u00e9es peuvent inclure : adresse e-mail et informations de paiement.Aucune autre donn\u00e9e personnelle n\u2019est exig\u00e9e. 3. Utilisation des donn\u00e9es Les donn\u00e9es collect\u00e9es servent uniquement \u00e0 : assurer l\u2019acc\u00e8s aux contenus achet\u00e9s ou t\u00e9l\u00e9charg\u00e9s, r\u00e9pondre aux demandes des utilisateurs, am\u00e9liorer l\u2019exp\u00e9rience sur le site. Elles ne sont jamais revendues ni partag\u00e9es \u00e0 des tiers, sauf obligation l\u00e9gale. 4. Conservation des donn\u00e9es Les donn\u00e9es sont conserv\u00e9es uniquement le temps n\u00e9cessaire \u00e0 la gestion des contenus et des contributions.L\u2019utilisateur peut demander la suppression de ses donn\u00e9es \u00e0 tout moment. 5. Droits des utilisateurs Conform\u00e9ment au R\u00e8glement G\u00e9n\u00e9ral sur la Protection des Donn\u00e9es (RGPD \u2013 UE 2016\/679), chaque utilisateur dispose des droits suivants : droit d\u2019acc\u00e8s \u00e0 ses donn\u00e9es, droit de rectification, droit d\u2019effacement (\u00ab droit \u00e0 l\u2019oubli \u00bb), droit de limitation du traitement, droit d\u2019opposition. Ces droits peuvent \u00eatre exerc\u00e9s via la page Vox Sacra (Contact avec le Sanctuaire). 6. S\u00e9curit\u00e9 Le Temple met en \u0153uvre toutes les mesures techniques et organisationnelles n\u00e9cessaires pour prot\u00e9ger les donn\u00e9es contre l\u2019acc\u00e8s non autoris\u00e9, la perte ou la divulgation. 7. Modification de la politique Le Temple se r\u00e9serve le droit de modifier la pr\u00e9sente politique afin de rester conforme aux \u00e9volutions l\u00e9gales et spirituelles.Toute modification sera publi\u00e9e sur cette page.","og_url":"https:\/\/esoteric-sciences.com\/fr\/politique-de-confidentialite\/","og_site_name":"Esoteric Sciences","article_modified_time":"2025-09-13T01:53:49+00:00","twitter_card":"summary_large_image","twitter_misc":{"Dur\u00e9e de lecture estim\u00e9e":"2 minutes"},"schema":{"@context":"https:\/\/schema.org","@graph":[{"@type":"WebPage","@id":"https:\/\/esoteric-sciences.com\/fr\/politique-de-confidentialite\/","url":"https:\/\/esoteric-sciences.com\/fr\/politique-de-confidentialite\/","name":"Politique de confidentialit\u00e9 - Esoteric Sciences","isPartOf":{"@id":"https:\/\/esoteric-sciences.com\/fr\/#website"},"datePublished":"2025-09-13T01:51:27+00:00","dateModified":"2025-09-13T01:53:49+00:00","breadcrumb":{"@id":"https:\/\/esoteric-sciences.com\/fr\/politique-de-confidentialite\/#breadcrumb"},"inLanguage":"fr-FR","potentialAction":[{"@type":"ReadAction","target":["https:\/\/esoteric-sciences.com\/fr\/politique-de-confidentialite\/"]}]},{"@type":"BreadcrumbList","@id":"https:\/\/esoteric-sciences.com\/fr\/politique-de-confidentialite\/#breadcrumb","itemListElement":[{"@type":"ListItem","position":1,"name":"\u0391\u03c1\u03c7\u03b9\u03ba\u03ae","item":"https:\/\/esoteric-sciences.com\/fr\/"},{"@type":"ListItem","position":2,"name":"Politique de confidentialit\u00e9"}]},{"@type":"WebSite","@id":"https:\/\/esoteric-sciences.com\/fr\/#website","url":"https:\/\/esoteric-sciences.com\/fr\/","name":"Esoteric Sciences","description":"Centre des Sciences Esot\u00e9riques ","publisher":{"@id":"https:\/\/esoteric-sciences.com\/fr\/#organization"},"potentialAction":[{"@type":"SearchAction","target":{"@type":"EntryPoint","urlTemplate":"https:\/\/esoteric-sciences.com\/fr\/?s={search_term_string}"},"query-input":{"@type":"PropertyValueSpecification","valueRequired":true,"valueName":"search_term_string"}}],"inLanguage":"fr-FR"},{"@type":"Organization","@id":"https:\/\/esoteric-sciences.com\/fr\/#organization","name":"Esoteric Sciences","url":"https:\/\/esoteric-sciences.com\/fr\/","logo":{"@type":"ImageObject","inLanguage":"fr-FR","@id":"https:\/\/esoteric-sciences.com\/fr\/#\/schema\/logo\/image\/","url":"https:\/\/esoteric-sciences.com\/wp-content\/uploads\/2026\/03\/cropped-logo-2.png","contentUrl":"https:\/\/esoteric-sciences.com\/wp-content\/uploads\/2026\/03\/cropped-logo-2.png","width":1024,"height":1024,"caption":"Esoteric Sciences"},"image":{"@id":"https:\/\/esoteric-sciences.com\/fr\/#\/schema\/logo\/image\/"}}]}},"acf":[],"_links":{"self":[{"href":"https:\/\/esoteric-sciences.com\/fr\/wp-json\/wp\/v2\/pages\/18297","targetHints":{"allow":["GET"]}}],"collection":[{"href":"https:\/\/esoteric-sciences.com\/fr\/wp-json\/wp\/v2\/pages"}],"about":[{"href":"https:\/\/esoteric-sciences.com\/fr\/wp-json\/wp\/v2\/types\/page"}],"author":[{"embeddable":true,"href":"https:\/\/esoteric-sciences.com\/fr\/wp-json\/wp\/v2\/users\/1"}],"replies":[{"embeddable":true,"href":"https:\/\/esoteric-sciences.com\/fr\/wp-json\/wp\/v2\/comments?post=18297"}],"version-history":[{"count":4,"href":"https:\/\/esoteric-sciences.com\/fr\/wp-json\/wp\/v2\/pages\/18297\/revisions"}],"predecessor-version":[{"id":18302,"href":"https:\/\/esoteric-sciences.com\/fr\/wp-json\/wp\/v2\/pages\/18297\/revisions\/18302"}],"wp:attachment":[{"href":"https:\/\/esoteric-sciences.com\/fr\/wp-json\/wp\/v2\/media?parent=18297"}],"curies":[{"name":"wp","href":"https:\/\/api.w.org\/{rel}","templated":true}]}}